{"id":4,"date":"2023-04-24T13:29:46","date_gmt":"2023-04-24T13:29:46","guid":{"rendered":"http:\/\/trekdinner-bremen.de\/willkommen-auf-http-trekdinner-bremen-de\/"},"modified":"2023-09-18T14:30:40","modified_gmt":"2023-09-18T14:30:40","slug":"willkommen-auf-http-trekdinner-bremen-de","status":"publish","type":"page","link":"https:\/\/trekdinner-bremen.de\/?page_id=4","title":{"rendered":"\u00fcber uns"},"content":{"rendered":"\n<p>Das Trekdinner Bremen ist der Treffpunkt f\u00fcr alle Science-Fiction-Fans in Bremen und Umzu. Als eines der \u00e4ltesten Tredinner in Deutschland ist es aktiv wie eh und je.<\/p>\n\n\n\n<p>Star Trek Fans aus Bremen und &#8220;Umzu&#8221; treffen sich jeden ersten Sonnabend im Monat um 19:00 Uhr. Auch Star Wars-Fans, Science-Fiction-Fans, Fantasie-Fans, Cosplayer und Mittelalter-Fans finden bei uns Gleichgesinnte.<\/p>\n\n\n\n<p>Das Trekdinner Bremen, 1989 als \u201eStar Trek Mini Club\u201c gegr\u00fcndet, wurde schnell DIE Anlaufstelle f\u00fcr alle hansest\u00e4dtischen Science Fiction Begeisterten. Von Anfang an legte das Trekdinner wert auf seine Unabh\u00e4ngigkeit von irgendwelchen Clubs, d.h. es gab keine Mitgliedsbeitr\u00e4ge oder sonstige Zw\u00e4nge. Als \u201eStammtisch\u201c verstand sich die Bremer Variante der deutschen Trekdinner immer eher als Anlaufstelle f\u00fcr Gleichgesinnte, als weltoffener Treffpunkt, unbewu\u00dft der hanseatischen Tradition folgend. Milit\u00e4rische Pseudo-R\u00e4nge waren vom Start weg genauso verp\u00f6nt wie das starre Festhalten an einzelnen Schauspielern oder Serien. So kamen folgerichtig auch Fans von nicht Star Trek bezogener Science Fiction zum Bremer Trekdinner und sorgten f\u00fcr Belebung. Die Anlaufstelle Trekdinner war denn auch immer wieder Ausgangspunkt f\u00fcr Projekte verschiedenster Art, sei es ein Filmprojekt (s. Eggshell), eine Kost\u00fcm- und Tanztruppe (Tafkav) oder die \u00f6rtliche Klingonenvereinigung. Gemeinsame Besuche bei anderen Trekdinnern oder Conventions (s. Galerie) geh\u00f6ren ebenso zum Trekdinner-Alltag wie Kinobesuche, um das neueste SF-Abenteuer aus der Filmschmiede Hollywood zu feiern oder zu verreissen. Oft totgesagt ist das Bremer Trekdinner als eines der \u00e4ltesten deutschen Trekdinner immer noch aktiver denn je. Seit Jahren in wechselnder Besetzung in Bremen beheimatet, wird auch in Zukunft der erste Samstag im Monat DER Termin sein, an dem sich Bremer-Science-Fiction-Fans treffen.<\/p>\n\n\n\n<p><\/p>\n","protected":false},"excerpt":{"rendered":"<p>Das Trekdinner Bremen ist der Treffpunkt f\u00fcr alle Science-Fiction-Fans in Bremen und Umzu. Als eines der \u00e4ltesten Tredinner in Deutschland ist es aktiv wie eh und je. Star Trek Fans [&hellip;]<\/p>\n","protected":false},"author":1,"featured_media":0,"parent":0,"menu_order":0,"comment_status":"closed","ping_status":"open","template":"","meta":{"footnotes":""},"_links":{"self":[{"href":"https:\/\/trekdinner-bremen.de\/index.php?rest_route=\/wp\/v2\/pages\/4"}],"collection":[{"href":"https:\/\/trekdinner-bremen.de\/index.php?rest_route=\/wp\/v2\/pages"}],"about":[{"href":"https:\/\/trekdinner-bremen.de\/index.php?rest_route=\/wp\/v2\/types\/page"}],"author":[{"embeddable":true,"href":"https:\/\/trekdinner-bremen.de\/index.php?rest_route=\/wp\/v2\/users\/1"}],"replies":[{"embeddable":true,"href":"https:\/\/trekdinner-bremen.de\/index.php?rest_route=%2Fwp%2Fv2%2Fcomments&post=4"}],"version-history":[{"count":6,"href":"https:\/\/trekdinner-bremen.de\/index.php?rest_route=\/wp\/v2\/pages\/4\/revisions"}],"predecessor-version":[{"id":114,"href":"https:\/\/trekdinner-bremen.de\/index.php?rest_route=\/wp\/v2\/pages\/4\/revisions\/114"}],"wp:attachment":[{"href":"https:\/\/trekdinner-bremen.de\/index.php?rest_route=%2Fwp%2Fv2%2Fmedia&parent=4"}],"curies":[{"name":"wp","href":"https:\/\/api.w.org\/{rel}","templated":true}]}}